{"id":17,"date":"2021-07-08T10:47:10","date_gmt":"2021-07-08T10:47:10","guid":{"rendered":"https:\/\/taxisalmansa.com\/?page_id=17"},"modified":"2021-11-15T20:03:50","modified_gmt":"2021-11-15T20:03:50","slug":"tarifas","status":"publish","type":"page","link":"https:\/\/taxisalmansa.com\/index.php\/tarifas\/","title":{"rendered":"TARIFAS"},"content":{"rendered":"\t\t<div data-elementor-type=\"wp-page\" data-elementor-id=\"17\" class=\"elementor elementor-17\">\n\t\t\t\t\t\t<section class=\"elementor-section elementor-top-section elementor-element elementor-element-42cfdb2 elementor-section-full_width animated-slow elementor-section-height-default elementor-section-height-default elementor-invisible\" data-id=\"42cfdb2\" data-element_type=\"section\" data-settings=\"{&quot;animation&quot;:&quot;fadeInDown&quot;}\">\n\t\t\t\t\t\t<div class=\"elementor-container elementor-column-gap-custom\">\n\t\t\t\t\t<div class=\"elementor-column elementor-col-33 elementor-top-column elementor-element elementor-element-0beb724\" data-id=\"0beb724\" data-element_type=\"column\">\n\t\t\t<div class=\"elementor-widget-wrap elementor-element-populated\">\n\t\t\t\t\t\t<div class=\"elementor-element elementor-element-444f79a elementor-widget elementor-widget-heading\" data-id=\"444f79a\" data-element_type=\"widget\" data-widget_type=\"heading.default\">\n\t\t\t\t<div class=\"elementor-widget-container\">\n\t\t\t<style>\/*! elementor - v3.20.0 - 26-03-2024 *\/\n.elementor-heading-title{padding:0;margin:0;line-height:1}.elementor-widget-heading .elementor-heading-title[class*=elementor-size-]>a{color:inherit;font-size:inherit;line-height:inherit}.elementor-widget-heading .elementor-heading-title.elementor-size-small{font-size:15px}.elementor-widget-heading .elementor-heading-title.elementor-size-medium{font-size:19px}.elementor-widget-heading .elementor-heading-title.elementor-size-large{font-size:29px}.elementor-widget-heading .elementor-heading-title.elementor-size-xl{font-size:39px}.elementor-widget-heading .elementor-heading-title.elementor-size-xxl{font-size:59px}<\/style><h2 class=\"elementor-heading-title elementor-size-default\">TARIFA<\/h2>\t\t<\/div>\n\t\t\t\t<\/div>\n\t\t\t\t<div class=\"elementor-element elementor-element-111e688 elementor-widget elementor-widget-heading\" data-id=\"111e688\" data-element_type=\"widget\" data-widget_type=\"heading.default\">\n\t\t\t\t<div class=\"elementor-widget-container\">\n\t\t\t<h4 class=\"elementor-heading-title elementor-size-large\">GENERAL<\/h4>\t\t<\/div>\n\t\t\t\t<\/div>\n\t\t\t\t<div class=\"elementor-element elementor-element-8796c85 elementor-widget elementor-widget-heading\" data-id=\"8796c85\" data-element_type=\"widget\" data-widget_type=\"heading.default\">\n\t\t\t\t<div class=\"elementor-widget-container\">\n\t\t\t<h3 class=\"elementor-heading-title elementor-size-large\">1<\/h3>\t\t<\/div>\n\t\t\t\t<\/div>\n\t\t\t\t<div class=\"elementor-element elementor-element-6c5ba27 elementor-widget elementor-widget-text-editor\" data-id=\"6c5ba27\" data-element_type=\"widget\" data-widget_type=\"text-editor.default\">\n\t\t\t\t<div class=\"elementor-widget-container\">\n\t\t\t<style>\/*! elementor - v3.20.0 - 26-03-2024 *\/\n.elementor-widget-text-editor.elementor-drop-cap-view-stacked .elementor-drop-cap{background-color:#69727d;color:#fff}.elementor-widget-text-editor.elementor-drop-cap-view-framed .elementor-drop-cap{color:#69727d;border:3px solid;background-color:transparent}.elementor-widget-text-editor:not(.elementor-drop-cap-view-default) .elementor-drop-cap{margin-top:8px}.elementor-widget-text-editor:not(.elementor-drop-cap-view-default) .elementor-drop-cap-letter{width:1em;height:1em}.elementor-widget-text-editor .elementor-drop-cap{float:left;text-align:center;line-height:1;font-size:50px}.elementor-widget-text-editor .elementor-drop-cap-letter{display:inline-block}<\/style>\t\t\t\t<ul class=\"et_pb_pricing\"><li>365 d\u00edas \/ a\u00f1o<\/li><li>08:00 \u2014 22:00 h.<\/li><li>Excepciones previstas en la tarifa 2.<\/li><\/ul>\t\t\t\t\t\t<\/div>\n\t\t\t\t<\/div>\n\t\t\t\t\t<\/div>\n\t\t<\/div>\n\t\t\t\t<div class=\"elementor-column elementor-col-33 elementor-top-column elementor-element elementor-element-dba1bae\" data-id=\"dba1bae\" data-element_type=\"column\">\n\t\t\t<div class=\"elementor-widget-wrap elementor-element-populated\">\n\t\t\t\t\t\t<div class=\"elementor-element elementor-element-58a8ef5 elementor-widget elementor-widget-heading\" data-id=\"58a8ef5\" data-element_type=\"widget\" data-widget_type=\"heading.default\">\n\t\t\t\t<div class=\"elementor-widget-container\">\n\t\t\t<h2 class=\"elementor-heading-title elementor-size-default\">TARIFA<\/h2>\t\t<\/div>\n\t\t\t\t<\/div>\n\t\t\t\t<div class=\"elementor-element elementor-element-0649073 elementor-widget elementor-widget-heading\" data-id=\"0649073\" data-element_type=\"widget\" data-widget_type=\"heading.default\">\n\t\t\t\t<div class=\"elementor-widget-container\">\n\t\t\t<h4 class=\"elementor-heading-title elementor-size-large\">NOCTURNA<\/h4>\t\t<\/div>\n\t\t\t\t<\/div>\n\t\t\t\t<div class=\"elementor-element elementor-element-652b641 elementor-widget elementor-widget-heading\" data-id=\"652b641\" data-element_type=\"widget\" data-widget_type=\"heading.default\">\n\t\t\t\t<div class=\"elementor-widget-container\">\n\t\t\t<h3 class=\"elementor-heading-title elementor-size-large\">2<\/h3>\t\t<\/div>\n\t\t\t\t<\/div>\n\t\t\t\t<div class=\"elementor-element elementor-element-37bf4ea elementor-widget elementor-widget-text-editor\" data-id=\"37bf4ea\" data-element_type=\"widget\" data-widget_type=\"text-editor.default\">\n\t\t\t\t<div class=\"elementor-widget-container\">\n\t\t\t\t\t\t\t<ul class=\"et_pb_pricing\"><li>365 d\u00edas \/ a\u00f1o<\/li><li>Lunes a viernes de 22:00h a 08:00h. S\u00e1bados de 14:00h a 00:00h.<\/li><li>Y todos los domingos y festivos del a\u00f1o. As\u00ed como los d\u00edas de Fiestas Locales. Y los d\u00edas 24, 25, 31 de diciembre, 1, 5 y 6 de enero<\/li><\/ul>\t\t\t\t\t\t<\/div>\n\t\t\t\t<\/div>\n\t\t\t\t\t<\/div>\n\t\t<\/div>\n\t\t\t\t<div class=\"elementor-column elementor-col-33 elementor-top-column elementor-element elementor-element-b403a2d\" data-id=\"b403a2d\" data-element_type=\"column\">\n\t\t\t<div class=\"elementor-widget-wrap elementor-element-populated\">\n\t\t\t\t\t\t<div class=\"elementor-element elementor-element-b028801 elementor-widget elementor-widget-heading\" data-id=\"b028801\" data-element_type=\"widget\" data-widget_type=\"heading.default\">\n\t\t\t\t<div class=\"elementor-widget-container\">\n\t\t\t<h2 class=\"elementor-heading-title elementor-size-default\">TARIFA<\/h2>\t\t<\/div>\n\t\t\t\t<\/div>\n\t\t\t\t<div class=\"elementor-element elementor-element-b50b532 elementor-widget elementor-widget-heading\" data-id=\"b50b532\" data-element_type=\"widget\" data-widget_type=\"heading.default\">\n\t\t\t\t<div class=\"elementor-widget-container\">\n\t\t\t<h4 class=\"elementor-heading-title elementor-size-large\">ESPECIAL<\/h4>\t\t<\/div>\n\t\t\t\t<\/div>\n\t\t\t\t<div class=\"elementor-element elementor-element-0dd1596 elementor-widget elementor-widget-heading\" data-id=\"0dd1596\" data-element_type=\"widget\" data-widget_type=\"heading.default\">\n\t\t\t\t<div class=\"elementor-widget-container\">\n\t\t\t<h3 class=\"elementor-heading-title elementor-size-large\">3<\/h3>\t\t<\/div>\n\t\t\t\t<\/div>\n\t\t\t\t<div class=\"elementor-element elementor-element-d6bcc70 elementor-widget elementor-widget-text-editor\" data-id=\"d6bcc70\" data-element_type=\"widget\" data-widget_type=\"text-editor.default\">\n\t\t\t\t<div class=\"elementor-widget-container\">\n\t\t\t\t\t\t\t<ul class=\"et_pb_pricing\"><li>365 d\u00edas \/ a\u00f1o<\/li><li>08:00 \u2014 22:00 h.<\/li><li>Excepciones previstas en la tarifa 2.<\/li><\/ul>\t\t\t\t\t\t<\/div>\n\t\t\t\t<\/div>\n\t\t\t\t\t<\/div>\n\t\t<\/div>\n\t\t\t\t\t<\/div>\n\t\t<\/section>\n\t\t\t\t<\/div>\n\t\t","protected":false},"excerpt":{"rendered":"<p>TARIFA GENERAL 1 365 d\u00edas \/ a\u00f1o 08:00 \u2014 22:00 h. Excepciones previstas en la tarifa 2. TARIFA NOCTURNA 2 365 d\u00edas \/ a\u00f1o Lunes a viernes de 22:00h a 08:00h. S\u00e1bados de 14:00h a 00:00h. Y todos los domingos y festivos del a\u00f1o. As\u00ed como los d\u00edas de Fiestas Locales. Y los d\u00edas 24, [&hellip;]<\/p>\n","protected":false},"author":1,"featured_media":0,"parent":0,"menu_order":0,"comment_status":"closed","ping_status":"closed","template":"elementor_header_footer","meta":{"footnotes":""},"class_list":["post-17","page","type-page","status-publish","hentry"],"yoast_head":"<!-- This site is optimized with the Yoast SEO plugin v23.3 - https:\/\/yoast.com\/wordpress\/plugins\/seo\/ -->\n<title>TARIFAS - Taxis Almansa<\/title>\n<meta name=\"robots\" content=\"index, follow, max-snippet:-1, max-image-preview:large, max-video-preview:-1\" \/>\n<link rel=\"canonical\" href=\"https:\/\/taxisalmansa.com\/index.php\/tarifas\/\" \/>\n<meta property=\"og:locale\" content=\"es_ES\" \/>\n<meta property=\"og:type\" content=\"article\" \/>\n<meta property=\"og:title\" content=\"TARIFAS - Taxis Almansa\" \/>\n<meta property=\"og:description\" content=\"TARIFA GENERAL 1 365 d\u00edas \/ a\u00f1o 08:00 \u2014 22:00 h. Excepciones previstas en la tarifa 2. TARIFA NOCTURNA 2 365 d\u00edas \/ a\u00f1o Lunes a viernes de 22:00h a 08:00h. S\u00e1bados de 14:00h a 00:00h. Y todos los domingos y festivos del a\u00f1o. As\u00ed como los d\u00edas de Fiestas Locales. Y los d\u00edas 24, [&hellip;]\" \/>\n<meta property=\"og:url\" content=\"https:\/\/taxisalmansa.com\/index.php\/tarifas\/\" \/>\n<meta property=\"og:site_name\" content=\"Taxis Almansa\" \/>\n<meta property=\"article:modified_time\" content=\"2021-11-15T20:03:50+00:00\" \/>\n<meta name=\"twitter:card\" content=\"summary_large_image\" \/>\n<script type=\"application\/ld+json\" class=\"yoast-schema-graph\">{\"@context\":\"https:\/\/schema.org\",\"@graph\":[{\"@type\":\"WebPage\",\"@id\":\"https:\/\/taxisalmansa.com\/index.php\/tarifas\/\",\"url\":\"https:\/\/taxisalmansa.com\/index.php\/tarifas\/\",\"name\":\"TARIFAS - Taxis Almansa\",\"isPartOf\":{\"@id\":\"https:\/\/taxisalmansa.com\/#website\"},\"datePublished\":\"2021-07-08T10:47:10+00:00\",\"dateModified\":\"2021-11-15T20:03:50+00:00\",\"breadcrumb\":{\"@id\":\"https:\/\/taxisalmansa.com\/index.php\/tarifas\/#breadcrumb\"},\"inLanguage\":\"es\",\"potentialAction\":[{\"@type\":\"ReadAction\",\"target\":[\"https:\/\/taxisalmansa.com\/index.php\/tarifas\/\"]}]},{\"@type\":\"BreadcrumbList\",\"@id\":\"https:\/\/taxisalmansa.com\/index.php\/tarifas\/#breadcrumb\",\"itemListElement\":[{\"@type\":\"ListItem\",\"position\":1,\"name\":\"Portada\",\"item\":\"https:\/\/taxisalmansa.com\/\"},{\"@type\":\"ListItem\",\"position\":2,\"name\":\"TARIFAS\"}]},{\"@type\":\"WebSite\",\"@id\":\"https:\/\/taxisalmansa.com\/#website\",\"url\":\"https:\/\/taxisalmansa.com\/\",\"name\":\"Taxis en Almansa\",\"description\":\"Taxis en Almansa 24horas\/365 dias del a\u00f1o\/Taxi Adaptado en Almansa\",\"publisher\":{\"@id\":\"https:\/\/taxisalmansa.com\/#organization\"},\"alternateName\":\"Taxis en Almansa, Taxi adaptado en almansa\",\"potentialAction\":[{\"@type\":\"SearchAction\",\"target\":{\"@type\":\"EntryPoint\",\"urlTemplate\":\"https:\/\/taxisalmansa.com\/?s={search_term_string}\"},\"query-input\":\"required name=search_term_string\"}],\"inLanguage\":\"es\"},{\"@type\":\"Organization\",\"@id\":\"https:\/\/taxisalmansa.com\/#organization\",\"name\":\"Taxis Almansa\",\"url\":\"https:\/\/taxisalmansa.com\/\",\"logo\":{\"@type\":\"ImageObject\",\"inLanguage\":\"es\",\"@id\":\"https:\/\/taxisalmansa.com\/#\/schema\/logo\/image\/\",\"url\":\"https:\/\/taxisalmansa.com\/wp-content\/uploads\/2021\/09\/cropped-PRUEBA1_FIN.png\",\"contentUrl\":\"https:\/\/taxisalmansa.com\/wp-content\/uploads\/2021\/09\/cropped-PRUEBA1_FIN.png\",\"width\":752,\"height\":284,\"caption\":\"Taxis Almansa\"},\"image\":{\"@id\":\"https:\/\/taxisalmansa.com\/#\/schema\/logo\/image\/\"}}]}<\/script>\n<!-- \/ Yoast SEO plugin. -->","yoast_head_json":{"title":"TARIFAS - Taxis Almansa","robots":{"index":"index","follow":"follow","max-snippet":"max-snippet:-1","max-image-preview":"max-image-preview:large","max-video-preview":"max-video-preview:-1"},"canonical":"https:\/\/taxisalmansa.com\/index.php\/tarifas\/","og_locale":"es_ES","og_type":"article","og_title":"TARIFAS - Taxis Almansa","og_description":"TARIFA GENERAL 1 365 d\u00edas \/ a\u00f1o 08:00 \u2014 22:00 h. Excepciones previstas en la tarifa 2. TARIFA NOCTURNA 2 365 d\u00edas \/ a\u00f1o Lunes a viernes de 22:00h a 08:00h. S\u00e1bados de 14:00h a 00:00h. Y todos los domingos y festivos del a\u00f1o. As\u00ed como los d\u00edas de Fiestas Locales. Y los d\u00edas 24, [&hellip;]","og_url":"https:\/\/taxisalmansa.com\/index.php\/tarifas\/","og_site_name":"Taxis Almansa","article_modified_time":"2021-11-15T20:03:50+00:00","twitter_card":"summary_large_image","schema":{"@context":"https:\/\/schema.org","@graph":[{"@type":"WebPage","@id":"https:\/\/taxisalmansa.com\/index.php\/tarifas\/","url":"https:\/\/taxisalmansa.com\/index.php\/tarifas\/","name":"TARIFAS - Taxis Almansa","isPartOf":{"@id":"https:\/\/taxisalmansa.com\/#website"},"datePublished":"2021-07-08T10:47:10+00:00","dateModified":"2021-11-15T20:03:50+00:00","breadcrumb":{"@id":"https:\/\/taxisalmansa.com\/index.php\/tarifas\/#breadcrumb"},"inLanguage":"es","potentialAction":[{"@type":"ReadAction","target":["https:\/\/taxisalmansa.com\/index.php\/tarifas\/"]}]},{"@type":"BreadcrumbList","@id":"https:\/\/taxisalmansa.com\/index.php\/tarifas\/#breadcrumb","itemListElement":[{"@type":"ListItem","position":1,"name":"Portada","item":"https:\/\/taxisalmansa.com\/"},{"@type":"ListItem","position":2,"name":"TARIFAS"}]},{"@type":"WebSite","@id":"https:\/\/taxisalmansa.com\/#website","url":"https:\/\/taxisalmansa.com\/","name":"Taxis en Almansa","description":"Taxis en Almansa 24horas\/365 dias del a\u00f1o\/Taxi Adaptado en Almansa","publisher":{"@id":"https:\/\/taxisalmansa.com\/#organization"},"alternateName":"Taxis en Almansa, Taxi adaptado en almansa","potentialAction":[{"@type":"SearchAction","target":{"@type":"EntryPoint","urlTemplate":"https:\/\/taxisalmansa.com\/?s={search_term_string}"},"query-input":"required name=search_term_string"}],"inLanguage":"es"},{"@type":"Organization","@id":"https:\/\/taxisalmansa.com\/#organization","name":"Taxis Almansa","url":"https:\/\/taxisalmansa.com\/","logo":{"@type":"ImageObject","inLanguage":"es","@id":"https:\/\/taxisalmansa.com\/#\/schema\/logo\/image\/","url":"https:\/\/taxisalmansa.com\/wp-content\/uploads\/2021\/09\/cropped-PRUEBA1_FIN.png","contentUrl":"https:\/\/taxisalmansa.com\/wp-content\/uploads\/2021\/09\/cropped-PRUEBA1_FIN.png","width":752,"height":284,"caption":"Taxis Almansa"},"image":{"@id":"https:\/\/taxisalmansa.com\/#\/schema\/logo\/image\/"}}]}},"_links":{"self":[{"href":"https:\/\/taxisalmansa.com\/index.php\/wp-json\/wp\/v2\/pages\/17","targetHints":{"allow":["GET"]}}],"collection":[{"href":"https:\/\/taxisalmansa.com\/index.php\/wp-json\/wp\/v2\/pages"}],"about":[{"href":"https:\/\/taxisalmansa.com\/index.php\/wp-json\/wp\/v2\/types\/page"}],"author":[{"embeddable":true,"href":"https:\/\/taxisalmansa.com\/index.php\/wp-json\/wp\/v2\/users\/1"}],"replies":[{"embeddable":true,"href":"https:\/\/taxisalmansa.com\/index.php\/wp-json\/wp\/v2\/comments?post=17"}],"version-history":[{"count":50,"href":"https:\/\/taxisalmansa.com\/index.php\/wp-json\/wp\/v2\/pages\/17\/revisions"}],"predecessor-version":[{"id":278,"href":"https:\/\/taxisalmansa.com\/index.php\/wp-json\/wp\/v2\/pages\/17\/revisions\/278"}],"wp:attachment":[{"href":"https:\/\/taxisalmansa.com\/index.php\/wp-json\/wp\/v2\/media?parent=17"}],"curies":[{"name":"wp","href":"https:\/\/api.w.org\/{rel}","templated":true}]}}