{"id":319,"date":"2021-11-15T20:36:16","date_gmt":"2021-11-15T20:36:16","guid":{"rendered":"https:\/\/taxisalmansa.com\/?page_id=319"},"modified":"2021-11-15T20:39:21","modified_gmt":"2021-11-15T20:39:21","slug":"aviso-legal","status":"publish","type":"page","link":"https:\/\/taxisalmansa.com\/index.php\/aviso-legal\/","title":{"rendered":"AVISO LEGAL"},"content":{"rendered":"\t\t<div data-elementor-type=\"wp-page\" data-elementor-id=\"319\" class=\"elementor elementor-319\">\n\t\t\t\t\t\t<section class=\"elementor-section elementor-top-section elementor-element elementor-element-7c72193 elementor-section-boxed elementor-section-height-default elementor-section-height-default\" data-id=\"7c72193\" data-element_type=\"section\">\n\t\t\t\t\t\t<div class=\"elementor-container elementor-column-gap-default\">\n\t\t\t\t\t<div class=\"elementor-column elementor-col-100 elementor-top-column elementor-element elementor-element-7cd8e8f\" data-id=\"7cd8e8f\" data-element_type=\"column\">\n\t\t\t<div class=\"elementor-widget-wrap elementor-element-populated\">\n\t\t\t\t\t\t<div class=\"elementor-element elementor-element-3fd3c07 elementor-widget elementor-widget-text-editor\" data-id=\"3fd3c07\" data-element_type=\"widget\" data-widget_type=\"text-editor.default\">\n\t\t\t\t<div class=\"elementor-widget-container\">\n\t\t\t<style>\/*! elementor - v3.20.0 - 26-03-2024 *\/\n.elementor-widget-text-editor.elementor-drop-cap-view-stacked .elementor-drop-cap{background-color:#69727d;color:#fff}.elementor-widget-text-editor.elementor-drop-cap-view-framed .elementor-drop-cap{color:#69727d;border:3px solid;background-color:transparent}.elementor-widget-text-editor:not(.elementor-drop-cap-view-default) .elementor-drop-cap{margin-top:8px}.elementor-widget-text-editor:not(.elementor-drop-cap-view-default) .elementor-drop-cap-letter{width:1em;height:1em}.elementor-widget-text-editor .elementor-drop-cap{float:left;text-align:center;line-height:1;font-size:50px}.elementor-widget-text-editor .elementor-drop-cap-letter{display:inline-block}<\/style>\t\t\t\t<p>En cumplimiento con el deber de informaci\u00f3n recogido en el art\u00edculo 10 de la Ley 34\/2002, de 11 de julio, de Servicios de la Sociedad de la Informaci\u00f3n y de Comercio Electr\u00f3nico, le informamos que la URL www.taxisalmansa.com (en adelante el PORTAL) es un dominio propiedad de Taxis Pedro Mu\u00f1oz, S.L. (en adelante la ENTIDAD), con B02308153, con domicilio sito en C\/ PIO BAROJA, N\u00ba 5; 02640 ALMANSA, direcci\u00f3n de correo electr\u00f3nico info@taxisalmansa.com y n\u00famero de tel\u00e9fono 689 605 245, e inscrita en el Registro de Asociaciones de Organizaciones Profesionales de la Junta de Castilla la Mancha.<\/p><p>Todas las marcas, nombres comerciales o signos distintivos de cualquier clase que aparecen en el PORTAL son propiedad de la ENTIDAD o de terceros, sin que pueda entenderse que el uso o acceso al sitio y\/o a los servicios, atribuya al usuario derecho alguno sobre las citadas marcas, nombres comerciales y\/o signos distintivos.<\/p><p>Asimismo, los contenidos publicados en la web, su dise\u00f1o gr\u00e1fico, im\u00e1genes, bases de datos y c\u00f3digo fuente son propiedad intelectual de la ENTIDAD o de terceros, sin que puedan entenderse cedidos al usuario, en virtud de lo establecido en este Aviso Legal, ninguno de los derechos de explotaci\u00f3n que existen o puedan existir sobre dichos contenidos m\u00e1s all\u00e1 de lo estrictamente necesario para el correcto uso del PORTAL y de los servicios que se prestan a trav\u00e9s de \u00e9l.<\/p><p>Le recordamos que en caso de que usted sea persona f\u00edsica que act\u00fae con fines ajenos a sus actividades comerciales o empresariales, a su oficio o a su profesi\u00f3n, puede acudir a la plataforma de resoluci\u00f3n de litigios en l\u00ednea que puede encontrar en el siguiente enlace:\u00a0http:\/\/ec.europa.eu\/consumers\/odr<\/p><p>El acceso a este web site es responsabilidad exclusiva de los usuarios. El simple acceso al PORTAL no supone entablar ning\u00fan tipo de relaci\u00f3n de car\u00e1cter comercial entre la ENTIDAD y el usuario. Accediendo a \u00e9l acepta los siguientes t\u00e9rminos y condiciones.<\/p><p>Puede contactar con nosotros a trav\u00e9s de la direcci\u00f3n e-mail: info@taxisalmansa.com<\/p>\t\t\t\t\t\t<\/div>\n\t\t\t\t<\/div>\n\t\t\t\t\t<\/div>\n\t\t<\/div>\n\t\t\t\t\t<\/div>\n\t\t<\/section>\n\t\t\t\t<\/div>\n\t\t","protected":false},"excerpt":{"rendered":"<p>En cumplimiento con el deber de informaci\u00f3n recogido en el art\u00edculo 10 de la Ley 34\/2002, de 11 de julio, de Servicios de la Sociedad de la Informaci\u00f3n y de Comercio Electr\u00f3nico, le informamos que la URL www.taxisalmansa.com (en adelante el PORTAL) es un dominio propiedad de Taxis Pedro Mu\u00f1oz, S.L. (en adelante la ENTIDAD), [&hellip;]<\/p>\n","protected":false},"author":1,"featured_media":0,"parent":0,"menu_order":0,"comment_status":"closed","ping_status":"closed","template":"elementor_header_footer","meta":{"footnotes":""},"class_list":["post-319","page","type-page","status-publish","hentry"],"yoast_head":"<!-- This site is optimized with the Yoast SEO plugin v23.3 - https:\/\/yoast.com\/wordpress\/plugins\/seo\/ -->\n<title>AVISO LEGAL - Taxis Almansa<\/title>\n<meta name=\"robots\" content=\"index, follow, max-snippet:-1, max-image-preview:large, max-video-preview:-1\" \/>\n<link rel=\"canonical\" href=\"https:\/\/taxisalmansa.com\/index.php\/aviso-legal\/\" \/>\n<meta property=\"og:locale\" content=\"es_ES\" \/>\n<meta property=\"og:type\" content=\"article\" \/>\n<meta property=\"og:title\" content=\"AVISO LEGAL - Taxis Almansa\" \/>\n<meta property=\"og:description\" content=\"En cumplimiento con el deber de informaci\u00f3n recogido en el art\u00edculo 10 de la Ley 34\/2002, de 11 de julio, de Servicios de la Sociedad de la Informaci\u00f3n y de Comercio Electr\u00f3nico, le informamos que la URL www.taxisalmansa.com (en adelante el PORTAL) es un dominio propiedad de Taxis Pedro Mu\u00f1oz, S.L. (en adelante la ENTIDAD), [&hellip;]\" \/>\n<meta property=\"og:url\" content=\"https:\/\/taxisalmansa.com\/index.php\/aviso-legal\/\" \/>\n<meta property=\"og:site_name\" content=\"Taxis Almansa\" \/>\n<meta property=\"article:modified_time\" content=\"2021-11-15T20:39:21+00:00\" \/>\n<meta name=\"twitter:card\" content=\"summary_large_image\" \/>\n<meta name=\"twitter:label1\" content=\"Tiempo de lectura\" \/>\n\t<meta name=\"twitter:data1\" content=\"2 minutos\" \/>\n<script type=\"application\/ld+json\" class=\"yoast-schema-graph\">{\"@context\":\"https:\/\/schema.org\",\"@graph\":[{\"@type\":\"WebPage\",\"@id\":\"https:\/\/taxisalmansa.com\/index.php\/aviso-legal\/\",\"url\":\"https:\/\/taxisalmansa.com\/index.php\/aviso-legal\/\",\"name\":\"AVISO LEGAL - Taxis Almansa\",\"isPartOf\":{\"@id\":\"https:\/\/taxisalmansa.com\/#website\"},\"datePublished\":\"2021-11-15T20:36:16+00:00\",\"dateModified\":\"2021-11-15T20:39:21+00:00\",\"breadcrumb\":{\"@id\":\"https:\/\/taxisalmansa.com\/index.php\/aviso-legal\/#breadcrumb\"},\"inLanguage\":\"es\",\"potentialAction\":[{\"@type\":\"ReadAction\",\"target\":[\"https:\/\/taxisalmansa.com\/index.php\/aviso-legal\/\"]}]},{\"@type\":\"BreadcrumbList\",\"@id\":\"https:\/\/taxisalmansa.com\/index.php\/aviso-legal\/#breadcrumb\",\"itemListElement\":[{\"@type\":\"ListItem\",\"position\":1,\"name\":\"Portada\",\"item\":\"https:\/\/taxisalmansa.com\/\"},{\"@type\":\"ListItem\",\"position\":2,\"name\":\"AVISO LEGAL\"}]},{\"@type\":\"WebSite\",\"@id\":\"https:\/\/taxisalmansa.com\/#website\",\"url\":\"https:\/\/taxisalmansa.com\/\",\"name\":\"Taxis en Almansa\",\"description\":\"Taxis en Almansa 24horas\/365 dias del a\u00f1o\/Taxi Adaptado en Almansa\",\"publisher\":{\"@id\":\"https:\/\/taxisalmansa.com\/#organization\"},\"alternateName\":\"Taxis en Almansa, Taxi adaptado en almansa\",\"potentialAction\":[{\"@type\":\"SearchAction\",\"target\":{\"@type\":\"EntryPoint\",\"urlTemplate\":\"https:\/\/taxisalmansa.com\/?s={search_term_string}\"},\"query-input\":\"required name=search_term_string\"}],\"inLanguage\":\"es\"},{\"@type\":\"Organization\",\"@id\":\"https:\/\/taxisalmansa.com\/#organization\",\"name\":\"Taxis Almansa\",\"url\":\"https:\/\/taxisalmansa.com\/\",\"logo\":{\"@type\":\"ImageObject\",\"inLanguage\":\"es\",\"@id\":\"https:\/\/taxisalmansa.com\/#\/schema\/logo\/image\/\",\"url\":\"https:\/\/taxisalmansa.com\/wp-content\/uploads\/2021\/09\/cropped-PRUEBA1_FIN.png\",\"contentUrl\":\"https:\/\/taxisalmansa.com\/wp-content\/uploads\/2021\/09\/cropped-PRUEBA1_FIN.png\",\"width\":752,\"height\":284,\"caption\":\"Taxis Almansa\"},\"image\":{\"@id\":\"https:\/\/taxisalmansa.com\/#\/schema\/logo\/image\/\"}}]}<\/script>\n<!-- \/ Yoast SEO plugin. -->","yoast_head_json":{"title":"AVISO LEGAL - Taxis Almansa","robots":{"index":"index","follow":"follow","max-snippet":"max-snippet:-1","max-image-preview":"max-image-preview:large","max-video-preview":"max-video-preview:-1"},"canonical":"https:\/\/taxisalmansa.com\/index.php\/aviso-legal\/","og_locale":"es_ES","og_type":"article","og_title":"AVISO LEGAL - Taxis Almansa","og_description":"En cumplimiento con el deber de informaci\u00f3n recogido en el art\u00edculo 10 de la Ley 34\/2002, de 11 de julio, de Servicios de la Sociedad de la Informaci\u00f3n y de Comercio Electr\u00f3nico, le informamos que la URL www.taxisalmansa.com (en adelante el PORTAL) es un dominio propiedad de Taxis Pedro Mu\u00f1oz, S.L. (en adelante la ENTIDAD), [&hellip;]","og_url":"https:\/\/taxisalmansa.com\/index.php\/aviso-legal\/","og_site_name":"Taxis Almansa","article_modified_time":"2021-11-15T20:39:21+00:00","twitter_card":"summary_large_image","twitter_misc":{"Tiempo de lectura":"2 minutos"},"schema":{"@context":"https:\/\/schema.org","@graph":[{"@type":"WebPage","@id":"https:\/\/taxisalmansa.com\/index.php\/aviso-legal\/","url":"https:\/\/taxisalmansa.com\/index.php\/aviso-legal\/","name":"AVISO LEGAL - Taxis Almansa","isPartOf":{"@id":"https:\/\/taxisalmansa.com\/#website"},"datePublished":"2021-11-15T20:36:16+00:00","dateModified":"2021-11-15T20:39:21+00:00","breadcrumb":{"@id":"https:\/\/taxisalmansa.com\/index.php\/aviso-legal\/#breadcrumb"},"inLanguage":"es","potentialAction":[{"@type":"ReadAction","target":["https:\/\/taxisalmansa.com\/index.php\/aviso-legal\/"]}]},{"@type":"BreadcrumbList","@id":"https:\/\/taxisalmansa.com\/index.php\/aviso-legal\/#breadcrumb","itemListElement":[{"@type":"ListItem","position":1,"name":"Portada","item":"https:\/\/taxisalmansa.com\/"},{"@type":"ListItem","position":2,"name":"AVISO LEGAL"}]},{"@type":"WebSite","@id":"https:\/\/taxisalmansa.com\/#website","url":"https:\/\/taxisalmansa.com\/","name":"Taxis en Almansa","description":"Taxis en Almansa 24horas\/365 dias del a\u00f1o\/Taxi Adaptado en Almansa","publisher":{"@id":"https:\/\/taxisalmansa.com\/#organization"},"alternateName":"Taxis en Almansa, Taxi adaptado en almansa","potentialAction":[{"@type":"SearchAction","target":{"@type":"EntryPoint","urlTemplate":"https:\/\/taxisalmansa.com\/?s={search_term_string}"},"query-input":"required name=search_term_string"}],"inLanguage":"es"},{"@type":"Organization","@id":"https:\/\/taxisalmansa.com\/#organization","name":"Taxis Almansa","url":"https:\/\/taxisalmansa.com\/","logo":{"@type":"ImageObject","inLanguage":"es","@id":"https:\/\/taxisalmansa.com\/#\/schema\/logo\/image\/","url":"https:\/\/taxisalmansa.com\/wp-content\/uploads\/2021\/09\/cropped-PRUEBA1_FIN.png","contentUrl":"https:\/\/taxisalmansa.com\/wp-content\/uploads\/2021\/09\/cropped-PRUEBA1_FIN.png","width":752,"height":284,"caption":"Taxis Almansa"},"image":{"@id":"https:\/\/taxisalmansa.com\/#\/schema\/logo\/image\/"}}]}},"_links":{"self":[{"href":"https:\/\/taxisalmansa.com\/index.php\/wp-json\/wp\/v2\/pages\/319","targetHints":{"allow":["GET"]}}],"collection":[{"href":"https:\/\/taxisalmansa.com\/index.php\/wp-json\/wp\/v2\/pages"}],"about":[{"href":"https:\/\/taxisalmansa.com\/index.php\/wp-json\/wp\/v2\/types\/page"}],"author":[{"embeddable":true,"href":"https:\/\/taxisalmansa.com\/index.php\/wp-json\/wp\/v2\/users\/1"}],"replies":[{"embeddable":true,"href":"https:\/\/taxisalmansa.com\/index.php\/wp-json\/wp\/v2\/comments?post=319"}],"version-history":[{"count":8,"href":"https:\/\/taxisalmansa.com\/index.php\/wp-json\/wp\/v2\/pages\/319\/revisions"}],"predecessor-version":[{"id":329,"href":"https:\/\/taxisalmansa.com\/index.php\/wp-json\/wp\/v2\/pages\/319\/revisions\/329"}],"wp:attachment":[{"href":"https:\/\/taxisalmansa.com\/index.php\/wp-json\/wp\/v2\/media?parent=319"}],"curies":[{"name":"wp","href":"https:\/\/api.w.org\/{rel}","templated":true}]}}